{"id":12,"date":"2013-12-06T20:34:52","date_gmt":"2013-12-06T19:34:52","guid":{"rendered":"http:\/\/www.felerlos.at\/?page_id=12"},"modified":"2025-11-17T11:10:33","modified_gmt":"2025-11-17T10:10:33","slug":"zusammen-arbeiten","status":"publish","type":"page","link":"https:\/\/www.felerlos.at\/?page_id=12","title":{"rendered":"WARUM"},"content":{"rendered":"<p>Weil wir ein schnelles, zuverl\u00e4ssiges und freundliches Gegen\u00fcber mit \u00fcber 20 Jahren Arbeits- und noch mehr Lebenserfahrung sind.<br \/>\nWeil wir eine rasche Auffassungsgabe haben und uns in nullkommanix in Teams auf Zeit integrieren.<br \/>\nWeil unser Blick f\u00fcr das Wesentliche und Interessante gesch\u00e4rft ist.<br \/>\nWeil wir gro\u00dfe Brocken bew\u00e4ltigen und auch das Kleine m\u00f6gen und gerne machen.<br \/>\nWeil wir keine &#8220;Spezialisten&#8221; sind, sondern verschiedene Interessensgebiete und Leidenschaften und bereits das eine und andere gelesen bzw. studiert haben.<\/p>\n<p>Und warum wir angeblich fe|lerlos sind? Nun ja, Sie ahnen es bereits: da schwingt eine leise (Selbst-)Ironie mit. Und auch Leichtigkeit. Wir machen alles, so gut wir es k\u00f6nnen. Dabei machen nat\u00fcrlich auch wir Fehler. Versch\u00e4tzen uns. Liegen falsch.<\/p>\n<p>Aber das ist nicht weiter tragisch. Fehler sind oft der Ausgangspunkt zur Erkenntnis oder zur passenden L\u00f6sung. Also pflegen wir einen entspannten Umgang mit Fehlern. Und mit anderen Menschen: wir sind\u00a0 hinreichend professionell, ohne slick oder geschniegelt zu sein.<\/p>\n","protected":false},"excerpt":{"rendered":"<p>Weil wir ein schnelles, zuverl\u00e4ssiges und freundliches Gegen\u00fcber mit \u00fcber 20 Jahren Arbeits- und noch mehr Lebenserfahrung sind. Weil wir eine rasche Auffassungsgabe haben und uns in nullkommanix in Teams auf Zeit integrieren. Weil unser Blick f\u00fcr das Wesentliche und Interessante gesch\u00e4rft ist. Weil wir gro\u00dfe Brocken bew\u00e4ltigen und auch das Kleine m\u00f6gen und gerne [&hellip;]<\/p>\n","protected":false},"author":1,"featured_media":0,"parent":0,"menu_order":5,"comment_status":"closed","ping_status":"closed","template":"","meta":[],"_links":{"self":[{"href":"https:\/\/www.felerlos.at\/index.php?rest_route=\/wp\/v2\/pages\/12"}],"collection":[{"href":"https:\/\/www.felerlos.at\/index.php?rest_route=\/wp\/v2\/pages"}],"about":[{"href":"https:\/\/www.felerlos.at\/index.php?rest_route=\/wp\/v2\/types\/page"}],"author":[{"embeddable":true,"href":"https:\/\/www.felerlos.at\/index.php?rest_route=\/wp\/v2\/users\/1"}],"replies":[{"embeddable":true,"href":"https:\/\/www.felerlos.at\/index.php?rest_route=%2Fwp%2Fv2%2Fcomments&post=12"}],"version-history":[{"count":5,"href":"https:\/\/www.felerlos.at\/index.php?rest_route=\/wp\/v2\/pages\/12\/revisions"}],"predecessor-version":[{"id":152,"href":"https:\/\/www.felerlos.at\/index.php?rest_route=\/wp\/v2\/pages\/12\/revisions\/152"}],"wp:attachment":[{"href":"https:\/\/www.felerlos.at\/index.php?rest_route=%2Fwp%2Fv2%2Fmedia&parent=12"}],"curies":[{"name":"wp","href":"https:\/\/api.w.org\/{rel}","templated":true}]}}