{"id":2,"date":"2013-09-20T10:08:54","date_gmt":"2013-09-20T10:08:54","guid":{"rendered":"http:\/\/www.felerlos.at\/?page_id=2"},"modified":"2024-03-14T21:42:35","modified_gmt":"2024-03-14T20:42:35","slug":"sample-page","status":"publish","type":"page","link":"https:\/\/www.felerlos.at\/","title":{"rendered":"MOMENTAN"},"content":{"rendered":"<p>Ein paar Sachen, die wir in letzter und vorletzter Zeit so machen durften: &#8220;<em><strong>Dicksch\u00e4dels Reisen<\/strong><\/em>&#8221; &#8211; ein Brucknerbuch zum Jubil\u00e4umsjahr 2024 schreiben, welches im <a href=\"_wp_link_placeholder\" data-wplink-edit=\"true\">Pustetverlag<\/a> erschienen ist. Ein Konzept mit Dramaturgie und Vermittlungsinhalten f\u00fcr Schulklassenf\u00fchrungen durch die preisgekr\u00f6nte <em><strong>Gr\u00fcne Erde Welt<\/strong><\/em> in Pettenbach erarbeiten. Aufw\u00e4ndige und von den FreundInnen in der Agentur <a href=\"https:\/\/kest.net\" target=\"_blank\" rel=\"noopener\">kest<\/a> sch\u00f6n gestalte Jubil\u00e4umsb\u00fccher f\u00fcr <em><strong>P\u00f6ttinger<\/strong><\/em>, <em><strong>Praher<\/strong><\/em> und <em><strong>Plansee<\/strong><\/em> schreiben. Einen Preis f\u00fcr die neue Kommunikation der <em><strong>Dirneder M\u00fchle<\/strong><\/em> mitgewinnen. Das Magazin (und einiges andere mehr) der Holzveredelungsmanufaktur <em><strong>Mareiner<\/strong><\/em> texten. Das strategisch ziemlich vision\u00e4re Konzept des <em><strong>Linz Tourismus<\/strong><\/em> in Magazinform bringen. F\u00fcr die <em><strong>voestalpine<\/strong><\/em> bloggen. Die coolen Lokale der <em><strong>id Werkstatt<\/strong> <\/em>portr\u00e4tieren.<\/p>\n\n\n<p><\/p>\n","protected":false},"excerpt":{"rendered":"<p>Ein paar Sachen, die wir in letzter und vorletzter Zeit so machen durften: &#8220;Dicksch\u00e4dels Reisen&#8221; &#8211; ein Brucknerbuch zum Jubil\u00e4umsjahr 2024 schreiben, welches im Pustetverlag erschienen ist. Ein Konzept mit Dramaturgie und Vermittlungsinhalten f\u00fcr Schulklassenf\u00fchrungen durch die preisgekr\u00f6nte Gr\u00fcne Erde Welt in Pettenbach erarbeiten. Aufw\u00e4ndige und von den FreundInnen in der Agentur kest sch\u00f6n gestalte [&hellip;]<\/p>\n","protected":false},"author":1,"featured_media":0,"parent":0,"menu_order":1,"comment_status":"closed","ping_status":"closed","template":"","meta":[],"_links":{"self":[{"href":"https:\/\/www.felerlos.at\/index.php?rest_route=\/wp\/v2\/pages\/2"}],"collection":[{"href":"https:\/\/www.felerlos.at\/index.php?rest_route=\/wp\/v2\/pages"}],"about":[{"href":"https:\/\/www.felerlos.at\/index.php?rest_route=\/wp\/v2\/types\/page"}],"author":[{"embeddable":true,"href":"https:\/\/www.felerlos.at\/index.php?rest_route=\/wp\/v2\/users\/1"}],"replies":[{"embeddable":true,"href":"https:\/\/www.felerlos.at\/index.php?rest_route=%2Fwp%2Fv2%2Fcomments&post=2"}],"version-history":[{"count":26,"href":"https:\/\/www.felerlos.at\/index.php?rest_route=\/wp\/v2\/pages\/2\/revisions"}],"predecessor-version":[{"id":158,"href":"https:\/\/www.felerlos.at\/index.php?rest_route=\/wp\/v2\/pages\/2\/revisions\/158"}],"wp:attachment":[{"href":"https:\/\/www.felerlos.at\/index.php?rest_route=%2Fwp%2Fv2%2Fmedia&parent=2"}],"curies":[{"name":"wp","href":"https:\/\/api.w.org\/{rel}","templated":true}]}}