{"id":6,"date":"2013-12-06T20:30:59","date_gmt":"2013-12-06T19:30:59","guid":{"rendered":"http:\/\/www.felerlos.at\/?page_id=6"},"modified":"2021-08-11T10:07:34","modified_gmt":"2021-08-11T08:07:34","slug":"kundschaften","status":"publish","type":"page","link":"https:\/\/www.felerlos.at\/?page_id=6","title":{"rendered":"TEXTE"},"content":{"rendered":"<p>Wir texten und redigieren.<\/p>\n<p>Alles M\u00f6gliche: Headlines und Claims.<br \/>\nReportagen und Portraits.<br \/>\nChroniken und Biografien.<br \/>\nInserate und Programmhefte.<br \/>\nPressetexte und Mailings.<br \/>\nKataloge und Folder.<br \/>\nNewsletter und Brosch\u00fcren.<br \/>\nAntr\u00e4ge und Projektbeschreibungen.<br \/>\nProtokolle und Dokumentationen.<br \/>\n\u2026<\/p>\n<p>Lebendig und frisch, ohne fade Standardredewendungen.<br \/>\nUnd ohne uns dauernd blo\u00df selber zu kopieren.<\/p>\n<p>Nicht von ungef\u00e4hr sind wir gemeinsam mit den KollegInnen von Egger+Lerch Corporate Publishing f\u00fcr die Gestaltung des (inzwischen wegen Konzernvorgaben leider eingestellten) MitarbeiterInnenmagazins <i>Prost<\/i> der Brau Union \u00d6sterreich mit dem internationalen Branchen-Oscar <i>Best in Corporate Publishing<\/i> in Gold ausgezeichnet worden. Ebenfalls mit Egger+Lerch gewonnen: den 1. Platz beim <em>Austrian Sustainability Award<\/em> f\u00fcr den gemeinsam konzipierten CSR-Report von MAM. Mit KEST und Medienschmiede eingeheimst: den <em>\u00d6sterreichischen Staatspreis f\u00fcr Marketing<\/em> mit dem Auftritt des Linzer Stadthonigs Dachmarke. Mit KEST gewonnen: Den <em>Caesar 2016<\/em> und den <em>AUSTRIACUS 2017<\/em> in der Kategorie Direct Mailing. 2018 gab&#8217;s den europ\u00e4ischen Bildungsmedienpreis <em>Comenius Award<\/em> f\u00fcr das von uns nicht unwesentlich mitgestaltete Medienbildungshandbuch &#8220;Ich und Medien. Medienkompetenz in der Primarstufe&#8221;. Dazu einen weiteren <em>Caesar<\/em> f\u00fcr die Kommunikation der Dirneder M\u00fchle.<\/p>\n","protected":false},"excerpt":{"rendered":"<p>Wir texten und redigieren. Alles M\u00f6gliche: Headlines und Claims. Reportagen und Portraits. Chroniken und Biografien. Inserate und Programmhefte. Pressetexte und Mailings. Kataloge und Folder. Newsletter und Brosch\u00fcren. Antr\u00e4ge und Projektbeschreibungen. Protokolle und Dokumentationen. \u2026 Lebendig und frisch, ohne fade Standardredewendungen. Und ohne uns dauernd blo\u00df selber zu kopieren. Nicht von ungef\u00e4hr sind wir gemeinsam mit [&hellip;]<\/p>\n","protected":false},"author":1,"featured_media":0,"parent":0,"menu_order":2,"comment_status":"closed","ping_status":"closed","template":"","meta":[],"_links":{"self":[{"href":"https:\/\/www.felerlos.at\/index.php?rest_route=\/wp\/v2\/pages\/6"}],"collection":[{"href":"https:\/\/www.felerlos.at\/index.php?rest_route=\/wp\/v2\/pages"}],"about":[{"href":"https:\/\/www.felerlos.at\/index.php?rest_route=\/wp\/v2\/types\/page"}],"author":[{"embeddable":true,"href":"https:\/\/www.felerlos.at\/index.php?rest_route=\/wp\/v2\/users\/1"}],"replies":[{"embeddable":true,"href":"https:\/\/www.felerlos.at\/index.php?rest_route=%2Fwp%2Fv2%2Fcomments&post=6"}],"version-history":[{"count":11,"href":"https:\/\/www.felerlos.at\/index.php?rest_route=\/wp\/v2\/pages\/6\/revisions"}],"predecessor-version":[{"id":151,"href":"https:\/\/www.felerlos.at\/index.php?rest_route=\/wp\/v2\/pages\/6\/revisions\/151"}],"wp:attachment":[{"href":"https:\/\/www.felerlos.at\/index.php?rest_route=%2Fwp%2Fv2%2Fmedia&parent=6"}],"curies":[{"name":"wp","href":"https:\/\/api.w.org\/{rel}","templated":true}]}}